{"id":12,"date":"2021-05-31T11:06:22","date_gmt":"2021-05-31T09:06:22","guid":{"rendered":"https:\/\/gewaechshaus-folienhalter.de\/index.php\/mesmerize\/"},"modified":"2023-12-08T09:44:58","modified_gmt":"2023-12-08T08:44:58","slug":"mesmerize","status":"publish","type":"page","link":"https:\/\/gewaechshaus-folienhalter.de\/","title":{"rendered":"Folienhalter und Pflanzenhalter"},"content":{"rendered":"<div  id=\"overlappable-4\" style=\"background-color: #ffffff;\" data-label=\"Overlappable\" data-id=\"overlappable-4\" data-export-id=\"overlappable-4\" data-category=\"overlappable\" class=\"overlappable-4 content-section content-section-spacing\" data-overlap=\"true\"><div  class=\"gridContainer\"> <div  data-type=\"row\" class=\"row spaced-cols text-center\"><div  class=\"col-xs-12 col-sm-4 col-padding\"> <i  class=\"fa icon shadow-large-black aligncenter color1 fa-envira reverse round large\"><\/i> <div  data-type=\"column\" class=\"\"> <h5  class=\"\">Seit 1975 Gew\u00e4chshauszubeh\u00f6r<\/h5> <p  class=\"\"><\/p><\/div> <\/div> <div  class=\"col-xs-12 col-sm-4 col-padding\"> <i  class=\"fa icon shadow-large-black aligncenter color1 fa-thumbs-o-up reverse round large\"><\/i> <div  data-type=\"column\" class=\"\"><h5  class=\"\">Zubeh\u00f6r zum fairen Preis<\/h5> <\/div> <\/div> <div  class=\"col-xs-12 col-sm-4 col-padding\"> <i  class=\"fa icon shadow-large-black aligncenter color1 fa-wrench reverse round large\"><\/i> <div  data-type=\"column\" class=\"\"><h5  class=\"\">St\u00e4ndig weiterentwickelt<\/h5> <\/div> <\/div><\/div> <\/div><\/div><div  data-label=\"About\" data-id=\"about--1\" data-export-id=\"about-4\" data-category=\"about\" class=\"about-4 content-section content-section-spacing\" id=\"about-1\" style=\"background-color: rgb(245, 250, 253);\"><div  class=\"gridContainer\"> <div  class=\"row middle-sm text-center\"><div  class=\"col-sm-5 space-bottom-xs\" data-type=\"column\"> <h5  class=\"\">MACGREEN<\/h5> <h2  class=\"\">Der Folienhalter f\u00fcr Ihr Gew\u00e4chshaus<\/h2> <p  class=\"\">Wir bei MacGreen haben uns darauf spezialisiert universelles Zubeh\u00f6r f\u00fcr Gew\u00e4chsh\u00e4user herzustellen. Durch die Hammerkopfform passt unser Folienhalter in fast jedes Gew\u00e4chshausprofil.<\/p> <img decoding=\"async\"  class=\"custom-image\" src=\"https:\/\/gewaechshaus-folienhalter.de\/wp-content\/uploads\/2021\/06\/hammerko-1.png\" title=\"hammerko\" alt=\"\"><a class=\"button color1\" href=\"https:\/\/hunecke-zubehoer.de\" target=\"_self\" data-cp-link=\"1\" rel=\"noopener\">zum Shop<\/a><\/div> <div  class=\"col-sm-7 flexbox center-xs middle-xs image-group-2-img\"> <a data-cp-link=\"1\" href=\"https:\/\/hunecke-zubehoer.de\/navi.php?qs=folienhalter&amp;search=\" class=\"img-1-anchor\" target=\"_self\" rel=\"noopener\"><img decoding=\"async\"  class=\"img-1 shadow-large\" data-size=\"250x200\" src=\"https:\/\/gewaechshaus-folienhalter.de\/wp-content\/uploads\/2021\/06\/Folienhalter6.png\" title=\"Folienhalter6\" alt=\"\"><\/a> <a data-cp-link=\"1\" href=\"https:\/\/hunecke-zubehoer.de\/navi.php?qs=folienhalter&amp;search=\" class=\"img-2-anchor\" target=\"_self\" rel=\"noopener\"><img decoding=\"async\"  class=\"img-2 shadow-large\" data-size=\"220x170\" src=\"https:\/\/gewaechshaus-folienhalter.de\/wp-content\/uploads\/2021\/05\/Folienhalter5.png\" title=\"Folienhalter5\" alt=\"\"><\/a><\/div> <\/div><\/div> <\/div><div  data-label=\"Features\" data-id=\"features--1\" data-export-id=\"features-13-card-bordered\" data-category=\"features\" class=\"features-13 content-section content-section-spacing\" id=\"features-1\" style=\"background-color: rgb(245, 250, 253);\"><div  class=\"gridContainer\"> <div  class=\"row text-center\"><div  class=\"section-title-col\" data-type=\"column\"> <h2  class=\"\">Einfach zu Bedienen<\/h2> <p  class=\"lead\">Die Handhabung ist sowohl einfach, wie auch praktisch!<\/p><\/div> <\/div> <div  class=\"row spaced-cols content-center-sm\" data-type=\"row\"> <div  class=\"col-sm-4\"> <div  class=\"card bordered y-move\" data-type=\"column\"> <i  class=\"fa icon color1 fa-hand-o-up reverse round big\"><\/i><h4  class=\"\">1. \r\n<br >Einstecken<\/h4><img decoding=\"async\"  class=\"custom-image\" src=\"https:\/\/gewaechshaus-folienhalter.de\/wp-content\/uploads\/2021\/06\/schritt1.png\" title=\"schritt1\" alt=\"\">  <p  class=\"\">Stecken Sie den Hammerkopf in das Profil<\/p> <\/div> <\/div> <div  class=\"col-sm-4\"> <div  class=\"card bordered y-move\" data-type=\"column\"> <i  class=\"fa icon color1 fa-hand-peace-o reverse round big\"><\/i> <h4  class=\"\">2. \r\n<br >Drehen<\/h4> <img decoding=\"async\"  class=\"custom-image\" src=\"https:\/\/gewaechshaus-folienhalter.de\/wp-content\/uploads\/2021\/06\/schritt2.png\" title=\"schritt2\" alt=\"\"><p  class=\"\">Drehen Sie den Folienhalter um ca. 90 Grad und ziehen Sie ihn leicht an<\/p> <\/div> <\/div> <div  class=\"col-sm-4\"> <div  class=\"card bordered y-move\" data-type=\"column\"> <i  class=\"fa icon color1 fa-thumbs-o-up reverse round big\"><\/i> <h4  class=\"\">3. \r\n<br >Fest<\/h4> <img decoding=\"async\"  class=\"custom-image\" src=\"https:\/\/gewaechshaus-folienhalter.de\/wp-content\/uploads\/2021\/06\/schritt3.png\" title=\"schritt3\" alt=\"\"><p  class=\"\">Nun sitzt der Folienhalter fest im Profil und ist bereit f\u00fcr seinen Einsatz<\/p> <\/div> <\/div><\/div> <\/div><\/div><div  data-label=\"Content\" data-id=\"content--1\" data-export-id=\"content-8\" data-category=\"content\" class=\"content-8 content-section content-section-spacing\" id=\"content-1\" style=\"background-color: rgb(255, 255, 255);\"><div  class=\"gridContainer\"> <div  class=\"row middle-sm\"><div  class=\"col-sm-6 space-bottom-xs space-top-xs\" data-type=\"column\"> <img decoding=\"async\"  class=\"shadow-large\" src=\"https:\/\/gewaechshaus-folienhalter.de\/wp-content\/uploads\/2021\/06\/Folienhalter_neu3.png\" title=\"Folienhalter_neu3\" alt=\"\"><\/div> <div  class=\"col-sm-6\" data-type=\"column\"><h2  class=\"\">F\u00fcr die Anforderungen im Gew\u00e4chshaus entwickelt!<\/h2> <p  class=\"\">F\u00fcr unsere Folienhalter haben wir hochwertiges Polyprophylen verwendet. Dieser Werkstoff ist \u00e4u\u00dferst robust und wird auch nach jahrelanger UV-Einstrahlung und Temparaturunterschieden nicht br\u00fcchig oder spr\u00f6de.&nbsp;<\/p> <a class=\"button color1\" href=\"https:\/\/hunecke-zubehoer.de\/navi.php?qs=folienhalter&amp;search=\" target=\"_self\" data-cp-link=\"1\" rel=\"noopener\">hier im Handel erh\u00e4ltlich<\/a><\/div> <\/div><\/div> <\/div><div  data-label=\"About\" data-id=\"about--2\" data-export-id=\"about-9\" data-category=\"about\" class=\"about-9 content-section content-section-spacing\" id=\"about-2\" style=\"background-color: rgb(255, 255, 255);\"><div  class=\"gridContainer\"> <div  class=\"row middle-sm text-center\"><div  class=\"col-sm-5 space-bottom-xs content-column content-center-sm\" data-type=\"column\"> <h5  class=\"\">MacGreen<\/h5> <h2  class=\"\">Isolierfolie, Luftpolsterfolie f\u00fcr Ihr Gew\u00e4chshaus<\/h2> <p  class=\"\">Nicht jede Folie ist auch zum Isolieren geeignet. Mit unserer Isloierfolie von MacGreen haben Sie eine 3-lagige Folie mit einem Noppendurchmesser von 30 mm und einer Noppenh\u00f6he von 8 mm. Die St\u00e4rke der Folie betr\u00e4gt 150my. Dadurch ist unsere Folie robuster als alle auf dem Markt g\u00e4ngigen Folien.&nbsp;<\/p> <a class=\"button color1\" href=\"https:\/\/hunecke-zubehoer.de\/Isolierfolie-und-Halter\" target=\"_self\" data-cp-link=\"1\" rel=\"noopener\">zum Produkt<\/a><\/div> <div  class=\"col-sm-7 flexbox flexbox middle-xs center-xs space-bottom-xs\"><div  class=\"overlay-box flexbox middle-xs center-xs overlay-holder \"> <div  class=\"overlay-box-offset shadow-medium bg-color2 hide-xs offset-background\"><\/div> <img decoding=\"async\"  class=\"flexbox shadow-large img1\" src=\"https:\/\/gewaechshaus-folienhalter.de\/wp-content\/uploads\/2021\/06\/cropped-Isolierfolie-und-Halter.jpeg\" data-size=\"600x400\" title=\"cropped-Isolierfolie-und-Halter.jpeg\" alt=\"\"><\/div> <\/div><\/div> <\/div><\/div><div  data-label=\"Portfolio\" data-id=\"portfolio--1\" data-export-id=\"portfolio-5\" data-category=\"portfolio\" class=\"portfolio-5 content-section content-section-spacing\" id=\"portfolio-1\" style=\"background-color: rgb(245, 250, 253);\"><div  class=\"gridContainer\"> <div  class=\"row text-center\"><div  class=\"section-title-col\" data-type=\"column\"> <h2  class=\"\">Noch mehr Zubeh\u00f6r finden Sie bei uns im Shop<\/h2> <\/div> <\/div> <div  class=\"row space-bottom spaced-cols\" data-type=\"row\"> <div  class=\"col-xs-12 col-sm-4 text-center\"> <div  class=\"card no-padding bordered\"> <div  data-hover-fx=\"portfolio-6\" class=\"contentswap-effect\"> <div  class=\"initial-image\"> <img decoding=\"async\"  data-size=\"500x333\" src=\"https:\/\/gewaechshaus-folienhalter.de\/wp-content\/uploads\/2021\/06\/cropped-alu-stabhalter-h-20-3-stueck-macgreenz-1.jpg\"><\/div> <div  class=\"overlay bg-color6\"><\/div> <div  class=\"swap-inner col-xs-12\"> <div  class=\"row full-height-row middle-xs middle-sm\"> <div  class=\"col-xs-12 text-center content-holder\"> <a class=\"button small color2\" href=\"https:\/\/hunecke-zubehoer.de\/17-Pflanzenhalter-Stabhalter\" target=\"_self\" data-cp-link=\"1\" rel=\"noopener\">zum Produkt<\/a><\/div> <\/div><\/div> <\/div> <div  class=\"col-xs-12\"> <div  class=\"space-bottom space-top\" data-type=\"column\"> <h5  class=\"\">Stabhalter H 20<\/h5> <p  class=\"small italic\">Mit den Gew\u00e4chshaus-Stabhaltern aus Alu k\u00f6nnen Sie eine sehr robuste Befestigungsm\u00f6glichkeit in Ihrem Dachprofil des Gew\u00e4chshauses schaffen.<\/p><\/div> <\/div><\/div> <\/div> <div  class=\"col-xs-12 col-sm-4 text-center\"> <div  class=\"card no-padding bordered\"> <div  data-hover-fx=\"portfolio-6\" class=\"contentswap-effect\"> <div  class=\"initial-image\"> <img decoding=\"async\"  data-size=\"500x333\" src=\"https:\/\/gewaechshaus-folienhalter.de\/wp-content\/uploads\/2021\/06\/cropped-KlammerWeb_siegel.jpg\"><\/div> <div  class=\"overlay bg-color6\"><\/div> <div  class=\"swap-inner col-xs-12\"> <div  class=\"row full-height-row middle-xs middle-sm\"> <div  class=\"col-xs-12 text-center content-holder\"> <a class=\"button small color2\" href=\"https:\/\/hunecke-zubehoer.de\/3-Stegplatten-Zubehoer_1\" target=\"_self\" data-cp-link=\"1\" rel=\"noopener\">zum Produkt<\/a><\/div> <\/div><\/div> <\/div> <div  class=\"col-xs-12\"> <div  class=\"space-bottom space-top\" data-type=\"column\"> <h5  class=\"\">Glasklemme Professional H 120<\/h5> <p  class=\"small italic\">Die qualitative Glasklemme f\u00fcr einen stabileren Andruck auf Ihre Stegplatten. Die Glasklemme gibt es in 2 Varianten: f\u00fcr 4 mm und f\u00fcr 6 mm Verglasungen.<\/p><\/div> <\/div><\/div> <\/div> <div  class=\"col-xs-12 col-sm-4 text-center\"> <div  class=\"card no-padding bordered\"> <div  data-hover-fx=\"portfolio-6\" class=\"contentswap-effect\"> <div  class=\"initial-image\"> <img decoding=\"async\"  data-size=\"500x333\" src=\"https:\/\/gewaechshaus-folienhalter.de\/wp-content\/uploads\/2021\/06\/cropped-cropped-61_0.png\"><\/div> <div  class=\"overlay bg-color6\"><\/div> <div  class=\"swap-inner col-xs-12\"> <div  class=\"row full-height-row middle-xs middle-sm\"> <div  class=\"col-xs-12 text-center content-holder\"> <a class=\"button small color2\" href=\"https:\/\/hunecke-zubehoer.de\/PVC-Clips-25-Stueck-MacGreenZ\" target=\"_self\" data-cp-link=\"1\" rel=\"noopener\">zum Produkt<\/a><\/div> <\/div><\/div> <\/div> <div  class=\"col-xs-12\"> <div  class=\"space-bottom space-top\" data-type=\"column\"> <h5  class=\"\">Gew\u00e4chshaus Clip H 10<\/h5> <p  class=\"small italic\">Der&nbsp; Allrounder in Ihrem Gew\u00e4chshaus. Er h\u00e4lt sich im Profil und klemmt somit d\u00fcnne Isolierfolien oder Schattierungen fest. Auch als Halter f\u00fcr Kabel oder Schl\u00e4uche geeignet.<\/p><\/div> <\/div><\/div> <\/div><\/div> <div  class=\"row\"><div  data-type=\"column\" class=\"col-xs-12 text-center\"> <a class=\"button color2 y-move\" href=\"https:\/\/hunecke-zubehoer.de\" target=\"_self\" data-cp-link=\"1\" rel=\"noopener\">Hier im Handel<\/a><\/div> <\/div><\/div> <\/div><div  data-label=\"Content\" data-id=\"content--2\" data-export-id=\"content-7\" data-category=\"content\" class=\"content-7 content-section content-section-spacing\" id=\"content-2\" style=\"background-color: rgb(255, 255, 255);\"><div  class=\"gridContainer\"> <div  class=\"row middle-sm\"><div  class=\"col-sm-6 space-bottom-xs content-center-sm\" data-type=\"column\"> <h2  class=\"\">Hergestellt von MacGreen\u00ae<\/h2> <p  class=\"\">MacGreen ist ein Unternehmen aus dem sch\u00f6nen Ostwestfalen am Teutoburgerwald, welches schon seit \u00fcber 45 Jahren Gew\u00e4chshauszubeh\u00f6r herstellt und liefert. Dabei steht die Qualit\u00e4t vor der Quantit\u00e4t.<\/p> <a class=\"button color1\" href=\"https:\/\/hunecke-zubehoer.de\" target=\"_self\" data-cp-link=\"1\" rel=\"noopener\">Wo bekomme ich MacGreen\u00ae Produkte<\/a><\/div> <div  class=\"col-sm-6 content-center-sm\" data-type=\"column\"> <img decoding=\"async\"  class=\"shadow-large\" src=\"https:\/\/gewaechshaus-folienhalter.de\/wp-content\/uploads\/2021\/06\/MacGreenRGB.jpg\" title=\"MacGreenRGB\" alt=\"\"><\/div> <\/div><\/div> <\/div><div  data-label=\"Cta\" data-id=\"cta--1\" data-export-id=\"cta-blue-section\" data-category=\"cta\" class=\"cta-blue-section content-section content-section-spacing-medium bg-color1 white-text\" id=\"cta-1\"><div  class=\"gridContainer\"> <div  class=\"row middle-xs\"><div  class=\"col-sm-8 space-bottom-xs\" data-type=\"column\"> <h2  class=\"\">Noch mehr Zubeh\u00f6r f\u00fcr Ihr Gew\u00e4chshaus&nbsp;<\/h2> <\/div> <div  class=\"col-sm-4 end-sm\" data-type=\"column\"> <a class=\"button color2\" href=\"https:\/\/hunecke-zubehoer.de\" target=\"_self\" data-cp-link=\"1\" rel=\"noopener\">zum Shop<\/a><\/div> <\/div><\/div> <\/div>","protected":false},"excerpt":{"rendered":"<p>Seit 1975 Gew\u00e4chshauszubeh\u00f6r Zubeh\u00f6r zum fairen Preis St\u00e4ndig weiterentwickelt MACGREEN Der Folienhalter f\u00fcr Ihr Gew\u00e4chshaus Wir bei MacGreen haben uns darauf spezialisiert universelles Zubeh\u00f6r f\u00fcr Gew\u00e4chsh\u00e4user herzustellen. Durch die Hammerkopfform passt unser Folienhalter in fast jedes Gew\u00e4chshausprofil. zum Shop Einfach zu Bedienen Die Handhabung ist sowohl einfach, wie auch praktisch! 1. Einstecken Stecken Sie den&hellip; <br \/> <a class=\"read-more\" href=\"https:\/\/gewaechshaus-folienhalter.de\/\">Weiterlesen<\/a><\/p>\n","protected":false},"author":1,"featured_media":0,"parent":0,"menu_order":0,"comment_status":"closed","ping_status":"closed","template":"page-templates\/homepage.php","meta":{"footnotes":""},"class_list":["post-12","page","type-page","status-publish","hentry"],"yoast_head":"<!-- This site is optimized with the Yoast SEO plugin v21.6 - https:\/\/yoast.com\/wordpress\/plugins\/seo\/ -->\n<title>Gew\u00e4chshaus Folienhalter f\u00fcr innen Profile<\/title>\n<meta name=\"description\" content=\"Mit den Folienhaltern f\u00fcr Ihr Gew\u00e4chshaus befestigen Sie sehr leicht Isolierfolie in Ihrem Gew\u00e4chshaus. Auch als Pflanzenhalter zu benutzen.\" \/>\n<meta name=\"robots\" content=\"index, follow, max-snippet:-1, max-image-preview:large, max-video-preview:-1\" \/>\n<link rel=\"canonical\" href=\"https:\/\/gewaechshaus-folienhalter.de\/\" \/>\n<meta property=\"og:locale\" content=\"de_DE\" \/>\n<meta property=\"og:type\" content=\"article\" \/>\n<meta property=\"og:title\" content=\"Gew\u00e4chshaus Folienhalter f\u00fcr innen Profile\" \/>\n<meta property=\"og:description\" content=\"Mit den Folienhaltern f\u00fcr Ihr Gew\u00e4chshaus befestigen Sie sehr leicht Isolierfolie in Ihrem Gew\u00e4chshaus. Auch als Pflanzenhalter zu benutzen.\" \/>\n<meta property=\"og:url\" content=\"https:\/\/gewaechshaus-folienhalter.de\/\" \/>\n<meta property=\"og:site_name\" content=\"Folienhalter DUO f\u00fcr Gew\u00e4chsh\u00e4user\" \/>\n<meta property=\"article:modified_time\" content=\"2023-12-08T08:44:58+00:00\" \/>\n<meta property=\"og:image\" content=\"https:\/\/gewaechshaus-folienhalter.de\/wp-content\/uploads\/2021\/06\/hammerko-1.png\" \/>\n<meta name=\"twitter:card\" content=\"summary_large_image\" \/>\n<meta name=\"twitter:label1\" content=\"Gesch\u00e4tzte Lesezeit\" \/>\n\t<meta name=\"twitter:data1\" content=\"2\u00a0Minuten\" \/>\n<script type=\"application\/ld+json\" class=\"yoast-schema-graph\">{\"@context\":\"https:\/\/schema.org\",\"@graph\":[{\"@type\":\"WebPage\",\"@id\":\"https:\/\/gewaechshaus-folienhalter.de\/\",\"url\":\"https:\/\/gewaechshaus-folienhalter.de\/\",\"name\":\"Gew\u00e4chshaus Folienhalter f\u00fcr innen Profile\",\"isPartOf\":{\"@id\":\"https:\/\/gewaechshaus-folienhalter.de\/#website\"},\"datePublished\":\"2021-05-31T09:06:22+00:00\",\"dateModified\":\"2023-12-08T08:44:58+00:00\",\"description\":\"Mit den Folienhaltern f\u00fcr Ihr Gew\u00e4chshaus befestigen Sie sehr leicht Isolierfolie in Ihrem Gew\u00e4chshaus. Auch als Pflanzenhalter zu benutzen.\",\"breadcrumb\":{\"@id\":\"https:\/\/gewaechshaus-folienhalter.de\/#breadcrumb\"},\"inLanguage\":\"de\",\"potentialAction\":[{\"@type\":\"ReadAction\",\"target\":[\"https:\/\/gewaechshaus-folienhalter.de\/\"]}]},{\"@type\":\"BreadcrumbList\",\"@id\":\"https:\/\/gewaechshaus-folienhalter.de\/#breadcrumb\",\"itemListElement\":[{\"@type\":\"ListItem\",\"position\":1,\"name\":\"Startseite\",\"item\":\"https:\/\/gewaechshaus-folienhalter.de\/\"},{\"@type\":\"ListItem\",\"position\":2,\"name\":\"Folienhalter und Pflanzenhalter\"}]},{\"@type\":\"WebSite\",\"@id\":\"https:\/\/gewaechshaus-folienhalter.de\/#website\",\"url\":\"https:\/\/gewaechshaus-folienhalter.de\/\",\"name\":\"Folienhalter DUO f\u00fcr Gew\u00e4chsh\u00e4user\",\"description\":\"\",\"publisher\":{\"@id\":\"https:\/\/gewaechshaus-folienhalter.de\/#organization\"},\"potentialAction\":[{\"@type\":\"SearchAction\",\"target\":{\"@type\":\"EntryPoint\",\"urlTemplate\":\"https:\/\/gewaechshaus-folienhalter.de\/?s={search_term_string}\"},\"query-input\":\"required name=search_term_string\"}],\"inLanguage\":\"de\"},{\"@type\":\"Organization\",\"@id\":\"https:\/\/gewaechshaus-folienhalter.de\/#organization\",\"name\":\"Hunecke GmbH\",\"url\":\"https:\/\/gewaechshaus-folienhalter.de\/\",\"logo\":{\"@type\":\"ImageObject\",\"inLanguage\":\"de\",\"@id\":\"https:\/\/gewaechshaus-folienhalter.de\/#\/schema\/logo\/image\/\",\"url\":\"https:\/\/gewaechshaus-folienhalter.de\/wp-content\/uploads\/2021\/06\/Profilhausneu.jpg\",\"contentUrl\":\"https:\/\/gewaechshaus-folienhalter.de\/wp-content\/uploads\/2021\/06\/Profilhausneu.jpg\",\"width\":500,\"height\":500,\"caption\":\"Hunecke GmbH\"},\"image\":{\"@id\":\"https:\/\/gewaechshaus-folienhalter.de\/#\/schema\/logo\/image\/\"},\"sameAs\":[\"https:\/\/www.youtube.com\/channel\/UCxeVsYobIcg_ogGwSlI5kzQ\"]}]}<\/script>\n<!-- \/ Yoast SEO plugin. -->","yoast_head_json":{"title":"Gew\u00e4chshaus Folienhalter f\u00fcr innen Profile","description":"Mit den Folienhaltern f\u00fcr Ihr Gew\u00e4chshaus befestigen Sie sehr leicht Isolierfolie in Ihrem Gew\u00e4chshaus. Auch als Pflanzenhalter zu benutzen.","robots":{"index":"index","follow":"follow","max-snippet":"max-snippet:-1","max-image-preview":"max-image-preview:large","max-video-preview":"max-video-preview:-1"},"canonical":"https:\/\/gewaechshaus-folienhalter.de\/","og_locale":"de_DE","og_type":"article","og_title":"Gew\u00e4chshaus Folienhalter f\u00fcr innen Profile","og_description":"Mit den Folienhaltern f\u00fcr Ihr Gew\u00e4chshaus befestigen Sie sehr leicht Isolierfolie in Ihrem Gew\u00e4chshaus. Auch als Pflanzenhalter zu benutzen.","og_url":"https:\/\/gewaechshaus-folienhalter.de\/","og_site_name":"Folienhalter DUO f\u00fcr Gew\u00e4chsh\u00e4user","article_modified_time":"2023-12-08T08:44:58+00:00","og_image":[{"url":"https:\/\/gewaechshaus-folienhalter.de\/wp-content\/uploads\/2021\/06\/hammerko-1.png"}],"twitter_card":"summary_large_image","twitter_misc":{"Gesch\u00e4tzte Lesezeit":"2\u00a0Minuten"},"schema":{"@context":"https:\/\/schema.org","@graph":[{"@type":"WebPage","@id":"https:\/\/gewaechshaus-folienhalter.de\/","url":"https:\/\/gewaechshaus-folienhalter.de\/","name":"Gew\u00e4chshaus Folienhalter f\u00fcr innen Profile","isPartOf":{"@id":"https:\/\/gewaechshaus-folienhalter.de\/#website"},"datePublished":"2021-05-31T09:06:22+00:00","dateModified":"2023-12-08T08:44:58+00:00","description":"Mit den Folienhaltern f\u00fcr Ihr Gew\u00e4chshaus befestigen Sie sehr leicht Isolierfolie in Ihrem Gew\u00e4chshaus. Auch als Pflanzenhalter zu benutzen.","breadcrumb":{"@id":"https:\/\/gewaechshaus-folienhalter.de\/#breadcrumb"},"inLanguage":"de","potentialAction":[{"@type":"ReadAction","target":["https:\/\/gewaechshaus-folienhalter.de\/"]}]},{"@type":"BreadcrumbList","@id":"https:\/\/gewaechshaus-folienhalter.de\/#breadcrumb","itemListElement":[{"@type":"ListItem","position":1,"name":"Startseite","item":"https:\/\/gewaechshaus-folienhalter.de\/"},{"@type":"ListItem","position":2,"name":"Folienhalter und Pflanzenhalter"}]},{"@type":"WebSite","@id":"https:\/\/gewaechshaus-folienhalter.de\/#website","url":"https:\/\/gewaechshaus-folienhalter.de\/","name":"Folienhalter DUO f\u00fcr Gew\u00e4chsh\u00e4user","description":"","publisher":{"@id":"https:\/\/gewaechshaus-folienhalter.de\/#organization"},"potentialAction":[{"@type":"SearchAction","target":{"@type":"EntryPoint","urlTemplate":"https:\/\/gewaechshaus-folienhalter.de\/?s={search_term_string}"},"query-input":"required name=search_term_string"}],"inLanguage":"de"},{"@type":"Organization","@id":"https:\/\/gewaechshaus-folienhalter.de\/#organization","name":"Hunecke GmbH","url":"https:\/\/gewaechshaus-folienhalter.de\/","logo":{"@type":"ImageObject","inLanguage":"de","@id":"https:\/\/gewaechshaus-folienhalter.de\/#\/schema\/logo\/image\/","url":"https:\/\/gewaechshaus-folienhalter.de\/wp-content\/uploads\/2021\/06\/Profilhausneu.jpg","contentUrl":"https:\/\/gewaechshaus-folienhalter.de\/wp-content\/uploads\/2021\/06\/Profilhausneu.jpg","width":500,"height":500,"caption":"Hunecke GmbH"},"image":{"@id":"https:\/\/gewaechshaus-folienhalter.de\/#\/schema\/logo\/image\/"},"sameAs":["https:\/\/www.youtube.com\/channel\/UCxeVsYobIcg_ogGwSlI5kzQ"]}]}},"_links":{"self":[{"href":"https:\/\/gewaechshaus-folienhalter.de\/index.php\/wp-json\/wp\/v2\/pages\/12","targetHints":{"allow":["GET"]}}],"collection":[{"href":"https:\/\/gewaechshaus-folienhalter.de\/index.php\/wp-json\/wp\/v2\/pages"}],"about":[{"href":"https:\/\/gewaechshaus-folienhalter.de\/index.php\/wp-json\/wp\/v2\/types\/page"}],"author":[{"embeddable":true,"href":"https:\/\/gewaechshaus-folienhalter.de\/index.php\/wp-json\/wp\/v2\/users\/1"}],"replies":[{"embeddable":true,"href":"https:\/\/gewaechshaus-folienhalter.de\/index.php\/wp-json\/wp\/v2\/comments?post=12"}],"version-history":[{"count":56,"href":"https:\/\/gewaechshaus-folienhalter.de\/index.php\/wp-json\/wp\/v2\/pages\/12\/revisions"}],"predecessor-version":[{"id":247,"href":"https:\/\/gewaechshaus-folienhalter.de\/index.php\/wp-json\/wp\/v2\/pages\/12\/revisions\/247"}],"wp:attachment":[{"href":"https:\/\/gewaechshaus-folienhalter.de\/index.php\/wp-json\/wp\/v2\/media?parent=12"}],"curies":[{"name":"wp","href":"https:\/\/api.w.org\/{rel}","templated":true}]}}